{"id":2856,"date":"2023-03-04T14:51:16","date_gmt":"2023-03-04T14:51:16","guid":{"rendered":"https:\/\/energoinvest-sue.hr\/?page_id=2856"},"modified":"2023-03-06T15:02:23","modified_gmt":"2023-03-06T15:02:23","slug":"o-nama","status":"publish","type":"page","link":"https:\/\/energoinvest-sue.hr\/?page_id=2856","title":{"rendered":"O nama"},"content":{"rendered":"\t\t<div data-elementor-type=\"wp-page\" data-elementor-id=\"2856\" class=\"elementor elementor-2856\">\n\t\t\t\t\t\t\t\t\t<section class=\"elementor-section elementor-top-section elementor-element elementor-element-a12c059 elementor-section-boxed elementor-section-height-default elementor-section-height-default\" data-id=\"a12c059\" data-element_type=\"section\">\n\t\t\t\t\t\t<div class=\"elementor-container elementor-column-gap-default\">\n\t\t\t\t\t<div class=\"elementor-column elementor-col-100 elementor-top-column elementor-element elementor-element-570c1ce\" data-id=\"570c1ce\" data-element_type=\"column\">\n\t\t\t<div class=\"elementor-widget-wrap elementor-element-populated\">\n\t\t\t\t\t\t\t\t<div class=\"elementor-element elementor-element-fb0d2fd elementor-widget elementor-widget-text-editor\" data-id=\"fb0d2fd\" data-element_type=\"widget\" data-widget_type=\"text-editor.default\">\n\t\t\t\t<div class=\"elementor-widget-container\">\n\t\t\t<style>\/*! elementor - v3.11.4 - 12-03-2023 *\/\n.elementor-widget-text-editor.elementor-drop-cap-view-stacked .elementor-drop-cap{background-color:#818a91;color:#fff}.elementor-widget-text-editor.elementor-drop-cap-view-framed .elementor-drop-cap{color:#818a91;border:3px solid;background-color:transparent}.elementor-widget-text-editor:not(.elementor-drop-cap-view-default) .elementor-drop-cap{margin-top:8px}.elementor-widget-text-editor:not(.elementor-drop-cap-view-default) .elementor-drop-cap-letter{width:1em;height:1em}.elementor-widget-text-editor .elementor-drop-cap{float:left;text-align:center;line-height:1;font-size:50px}.elementor-widget-text-editor .elementor-drop-cap-letter{display:inline-block}<\/style>\t\t\t\t<p style=\"margin: 0cm 0cm 0.0001pt; text-align: justify; background-image: initial; background-position: initial; background-size: initial; background-repeat: initial; background-attachment: initial; background-origin: initial; background-clip: initial;\"><strong><span style=\"font-size:10.5pt;font-family:&quot;Tahoma&quot;,sans-serif;color:#5B9BD5;\nmso-themecolor:accent1\">Energoinvest SUE &#8211; sistemi upravljanja energijom je\nregionalni lider u implementaciji i odr\u017eavanju ure\u0111aja elektronike snage<\/span><\/strong><span style=\"font-size:10.5pt;font-family:&quot;Tahoma&quot;,sans-serif;color:#5B9BD5;\nmso-themecolor:accent1\">.<o:p><\/o:p><\/span><\/p><p style=\"margin: 0cm 0cm 0.0001pt; text-align: justify; background-image: initial; background-position: initial; background-size: initial; background-repeat: initial; background-attachment: initial; background-origin: initial; background-clip: initial;\"><span style=\"font-size:10.5pt;font-family:&quot;Tahoma&quot;,sans-serif;color:#5B9BD5;\nmso-themecolor:accent1\">&nbsp;<\/span><\/p><p style=\"margin: 0cm 0cm 0.0001pt; text-align: justify; background-image: initial; background-position: initial; background-size: initial; background-repeat: initial; background-attachment: initial; background-origin: initial; background-clip: initial;\"><span style=\"font-size:10.5pt;\nfont-family:&quot;Tahoma&quot;,sans-serif;color:#575757\">ENERGOINVEST SUE ( Sistemi\nupravljanja energijom ) je kompanija koja se ve\u0107 preko 30 godina\nspecijalisti\u010dki bavi sistemima za napajanje. Osnovana 1979. u Sarajevu od\nstrane Instituta za automatiku i ra\u010dunarske nauke (Energoinvest \u2013 IRCA). U\nperiodu od svog osnivanja do danas razvili smo bogat proizvodni i prodajni\nprogram koji uklju\u010duje sve ure\u0111aje elektronike snage.<o:p><\/o:p><\/span><\/p><p style=\"margin: 0cm 0cm 0.0001pt; text-align: justify; background-image: initial; background-position: initial; background-size: initial; background-repeat: initial; background-attachment: initial; background-origin: initial; background-clip: initial;\"><span style=\"font-size:10.5pt;\nfont-family:&quot;Tahoma&quot;,sans-serif;color:#575757\">Tradicija i dugogodi\u0161nje\niskustvo u radu sa napajanjima uz stru\u010dnost i kompetencije uposlenika, tehni\u010dka\nopremljenost kao i kontinuirani rad na razvoju i usavr\u0161avanju ure\u0111aja iz na\u0161eg\nprograma, rezultiralo je ostvarenjem brojnih referenci iz svakog od segmenata\nposlovanja s kupcima u jugoisti\u010dnoj Europi, Africi i Aziji.<o:p><\/o:p><\/span><\/p><p style=\"margin: 0cm 0cm 0.0001pt; text-align: justify; background-image: initial; background-position: initial; background-size: initial; background-repeat: initial; background-attachment: initial; background-origin: initial; background-clip: initial;\"><span style=\"font-size:10.5pt;\nfont-family:&quot;Tahoma&quot;,sans-serif;color:#575757\">&nbsp;<o:p><\/o:p><\/span><\/p><p style=\"margin: 0cm 0cm 0.0001pt; text-align: justify; background-image: initial; background-position: initial; background-size: initial; background-repeat: initial; background-attachment: initial; background-origin: initial; background-clip: initial;\"><strong><span style=\"font-size:10.5pt;font-family:&quot;Tahoma&quot;,sans-serif;color:#5B9BD5;\nmso-themecolor:accent1\">Na\u0161 portfolio<o:p><\/o:p><\/span><\/strong><\/p><p style=\"margin: 0cm 0cm 0.0001pt; text-align: justify; background-image: initial; background-position: initial; background-size: initial; background-repeat: initial; background-attachment: initial; background-origin: initial; background-clip: initial;\"><span style=\"color: rgb(87, 87, 87); font-family: Tahoma, sans-serif; font-size: 10.5pt; font-weight: var( --e-global-typography-text-font-weight );\">Elektri\u010dni agregati, UPS\nsistemi, ure\u0111aji za kompenzaciju reaktivne elektri\u010dne energije, ure\u0111aji za\nkontrolu vr\u0161nog optere\u0107enja, AC i DC razvodi, AC\/DC, DC\/DC i DC\/AC konvertori,\nindustrijske akumulatorske baterije.<\/span><\/p><p style=\"margin: 0cm 0cm 0.0001pt; text-align: justify; background-image: initial; background-position: initial; background-size: initial; background-repeat: initial; background-attachment: initial; background-origin: initial; background-clip: initial;\"><strong><span style=\"font-size:10.5pt;font-family:&quot;Tahoma&quot;,sans-serif;color:#5B9BD5;\nmso-themecolor:accent1\">Djelatnosti<\/span><\/strong><\/p><p style=\"margin: 0cm 0cm 0.0001pt; text-align: justify; background-image: initial; background-position: initial; background-size: initial; background-repeat: initial; background-attachment: initial; background-origin: initial; background-clip: initial;\"><span style=\"color: rgb(87, 87, 87); font-family: Tahoma, sans-serif; font-size: 10.5pt; font-weight: var( --e-global-typography-text-font-weight );\">In\u017eenjering, projektovanje,\nproizvodnja, prodaja, monta\u017ea, pu\u0161tanje u pogon, servis, tehni\u010dka podr\u0161ka<\/span><\/p><p style=\"margin: 0cm 0cm 0.0001pt; text-align: justify; background-image: initial; background-position: initial; background-size: initial; background-repeat: initial; background-attachment: initial; background-origin: initial; background-clip: initial;\"><strong><span style=\"font-size:10.5pt;font-family:&quot;Tahoma&quot;,sans-serif;color:#5B9BD5;\nmso-themecolor:accent1\">Lokacija<\/span><\/strong><\/p><p style=\"margin: 0cm 0cm 0.0001pt; text-align: justify; background-image: initial; background-position: initial; background-size: initial; background-repeat: initial; background-attachment: initial; background-origin: initial; background-clip: initial;\"><span style=\"color: rgb(87, 87, 87); font-family: Tahoma, sans-serif; font-size: 10.5pt; font-weight: var( --e-global-typography-text-font-weight );\">ENERGOINVEST SUE Raspola\u017ee sa\nvlastitIm objektom od 4000m<\/span><sup style=\"color: rgb(87, 87, 87); font-family: Tahoma, sans-serif; font-weight: var( --e-global-typography-text-font-weight );\">2<\/sup><span style=\"color: rgb(87, 87, 87); font-family: Tahoma, sans-serif; font-size: 10.5pt; font-weight: var( --e-global-typography-text-font-weight );\">&nbsp;u krugu Energoinvest-a Stup\nSarajevo s kancelarijskim, proizvodnim, magacinskim i servisnim prostorom.<\/span><\/p><p style=\"margin: 0cm 0cm 0.0001pt; text-align: justify; background-image: initial; background-position: initial; background-size: initial; background-repeat: initial; background-attachment: initial; background-origin: initial; background-clip: initial;\"><span style=\"font-size:10.5pt;\nfont-family:&quot;Tahoma&quot;,sans-serif;color:#575757\">Na\u0161i n\u017eenjeri i tehni\u010dko osoblje\nimaju sve kompetencije kako bi Vam pomogli u svim aspektima nabave energetskih\nrje\u0161enja ili zahvata na njima.<o:p><\/o:p><\/span><\/p><p style=\"margin: 0cm 0cm 0.0001pt; text-align: justify; background-image: initial; background-position: initial; background-size: initial; background-repeat: initial; background-attachment: initial; background-origin: initial; background-clip: initial;\"><span style=\"color: rgb(87, 87, 87); font-family: Tahoma, sans-serif; font-size: 10.5pt; font-weight: var( --e-global-typography-text-font-weight );\">Za izazovnije energetske\npotrebe, a oslonjena na iskusan in\u017eenjerski kadar, tvrtka Energoinvest SUE.\nnudi u potpunosti prilago\u0111ena rje\u0161enja, cjelovitu uslugu od po\u010detnog idejnog\nprojekta do monta\u017ee i pu\u0161tanja u pogon.<\/span><\/p><p style=\"margin: 0cm 0cm 0.0001pt; text-align: justify; background-image: initial; background-position: initial; background-size: initial; background-repeat: initial; background-attachment: initial; background-origin: initial; background-clip: initial;\"><strong><span style=\"font-size:10.5pt;font-family:&quot;Tahoma&quot;,sans-serif;color:#5B9BD5;\nmso-themecolor:accent1\">Energoinvest SUE<\/span><\/strong><span style=\"font-weight: var( --e-global-typography-text-font-weight ); font-size: 10.5pt; font-family: Tahoma, sans-serif; color: rgb(91, 155, 213);\">&nbsp;<\/span><span style=\"font-weight: var( --e-global-typography-text-font-weight ); font-size: 10.5pt; font-family: Tahoma, sans-serif; color: rgb(87, 87, 87);\">osigurava\nkvalitetnu postprodajnu uslugu, odr\u017eavanje kao i nabavu originalnih rezervnih\ndijelova.<\/span><\/p>\t\t\t\t\t\t<\/div>\n\t\t\t\t<\/div>\n\t\t\t\t\t<\/div>\n\t\t<\/div>\n\t\t\t\t\t\t\t<\/div>\n\t\t<\/section>\n\t\t\t\t\t\t\t<\/div>\n\t\t","protected":false},"excerpt":{"rendered":"Energoinvest SUE &#8211; sistemi upravljanja energijom je regionalni lider u implementaciji i odr\u017eavanju ure\u0111aja elektronike snage. &nbsp; ENERGOINVEST SUE ( Sistemi upravljanja energijom ) je kompanija koja se ve\u0107 preko 30 godina specijalisti\u010dki bavi sistemima za napajanje. Osnovana 1979. u Sarajevu od strane Instituta za automatiku i ra\u010dunarske nauke (Energoinvest \u2013 IRCA). U periodu od&#8230;","protected":false},"author":1,"featured_media":0,"parent":0,"menu_order":0,"comment_status":"closed","ping_status":"closed","template":"","meta":{"footnotes":""},"class_list":["post-2856","page","type-page","status-publish","hentry"],"yoast_head":"<!-- This site is optimized with the Yoast SEO plugin v20.2.1 - https:\/\/yoast.com\/wordpress\/plugins\/seo\/ -->\n<title>O nama - Energoinvest - SUE<\/title>\n<meta name=\"robots\" content=\"index, follow, max-snippet:-1, max-image-preview:large, max-video-preview:-1\" \/>\n<link rel=\"canonical\" href=\"https:\/\/energoinvest-sue.hr\/?page_id=2856\" \/>\n<meta property=\"og:locale\" content=\"en_US\" \/>\n<meta property=\"og:type\" content=\"article\" \/>\n<meta property=\"og:title\" content=\"O nama - Energoinvest - SUE\" \/>\n<meta property=\"og:description\" content=\"Energoinvest SUE &#8211; sistemi upravljanja energijom je regionalni lider u implementaciji i odr\u017eavanju ure\u0111aja elektronike snage. &nbsp; ENERGOINVEST SUE ( Sistemi upravljanja energijom ) je kompanija koja se ve\u0107 preko 30 godina specijalisti\u010dki bavi sistemima za napajanje. Osnovana 1979. u Sarajevu od strane Instituta za automatiku i ra\u010dunarske nauke (Energoinvest \u2013 IRCA). U periodu od...\" \/>\n<meta property=\"og:url\" content=\"https:\/\/energoinvest-sue.hr\/?page_id=2856\" \/>\n<meta property=\"og:site_name\" content=\"Energoinvest - SUE\" \/>\n<meta property=\"article:modified_time\" content=\"2023-03-06T15:02:23+00:00\" \/>\n<meta property=\"og:image\" content=\"https:\/\/energoinvest-sue.hr\/wp-content\/uploads\/2019\/04\/How-Electricity-Works.jpg.png\" \/>\n\t<meta property=\"og:image:width\" content=\"999\" \/>\n\t<meta property=\"og:image:height\" content=\"600\" \/>\n\t<meta property=\"og:image:type\" content=\"image\/png\" \/>\n<meta name=\"twitter:card\" content=\"summary_large_image\" \/>\n<meta name=\"twitter:label1\" content=\"Est. reading time\" \/>\n\t<meta name=\"twitter:data1\" content=\"2 minutes\" \/>\n<script type=\"application\/ld+json\" class=\"yoast-schema-graph\">{\"@context\":\"https:\/\/schema.org\",\"@graph\":[{\"@type\":\"WebPage\",\"@id\":\"https:\/\/energoinvest-sue.hr\/?page_id=2856\",\"url\":\"https:\/\/energoinvest-sue.hr\/?page_id=2856\",\"name\":\"O nama - Energoinvest - SUE\",\"isPartOf\":{\"@id\":\"https:\/\/energoinvest-sue.hr\/#website\"},\"datePublished\":\"2023-03-04T14:51:16+00:00\",\"dateModified\":\"2023-03-06T15:02:23+00:00\",\"breadcrumb\":{\"@id\":\"https:\/\/energoinvest-sue.hr\/?page_id=2856#breadcrumb\"},\"inLanguage\":\"en-US\",\"potentialAction\":[{\"@type\":\"ReadAction\",\"target\":[\"https:\/\/energoinvest-sue.hr\/?page_id=2856\"]}]},{\"@type\":\"BreadcrumbList\",\"@id\":\"https:\/\/energoinvest-sue.hr\/?page_id=2856#breadcrumb\",\"itemListElement\":[{\"@type\":\"ListItem\",\"position\":1,\"name\":\"Home\",\"item\":\"https:\/\/energoinvest-sue.hr\/\"},{\"@type\":\"ListItem\",\"position\":2,\"name\":\"O nama\"}]},{\"@type\":\"WebSite\",\"@id\":\"https:\/\/energoinvest-sue.hr\/#website\",\"url\":\"https:\/\/energoinvest-sue.hr\/\",\"name\":\"Energoinvest - SUE\",\"description\":\"Sistemi upravljanja energijom\",\"potentialAction\":[{\"@type\":\"SearchAction\",\"target\":{\"@type\":\"EntryPoint\",\"urlTemplate\":\"https:\/\/energoinvest-sue.hr\/?s={search_term_string}\"},\"query-input\":\"required name=search_term_string\"}],\"inLanguage\":\"en-US\"}]}<\/script>\n<!-- \/ Yoast SEO plugin. -->","yoast_head_json":{"title":"O nama - Energoinvest - SUE","robots":{"index":"index","follow":"follow","max-snippet":"max-snippet:-1","max-image-preview":"max-image-preview:large","max-video-preview":"max-video-preview:-1"},"canonical":"https:\/\/energoinvest-sue.hr\/?page_id=2856","og_locale":"en_US","og_type":"article","og_title":"O nama - Energoinvest - SUE","og_description":"Energoinvest SUE &#8211; sistemi upravljanja energijom je regionalni lider u implementaciji i odr\u017eavanju ure\u0111aja elektronike snage. &nbsp; ENERGOINVEST SUE ( Sistemi upravljanja energijom ) je kompanija koja se ve\u0107 preko 30 godina specijalisti\u010dki bavi sistemima za napajanje. Osnovana 1979. u Sarajevu od strane Instituta za automatiku i ra\u010dunarske nauke (Energoinvest \u2013 IRCA). U periodu od...","og_url":"https:\/\/energoinvest-sue.hr\/?page_id=2856","og_site_name":"Energoinvest - SUE","article_modified_time":"2023-03-06T15:02:23+00:00","og_image":[{"width":999,"height":600,"url":"https:\/\/energoinvest-sue.hr\/wp-content\/uploads\/2019\/04\/How-Electricity-Works.jpg.png","type":"image\/png"}],"twitter_card":"summary_large_image","twitter_misc":{"Est. reading time":"2 minutes"},"schema":{"@context":"https:\/\/schema.org","@graph":[{"@type":"WebPage","@id":"https:\/\/energoinvest-sue.hr\/?page_id=2856","url":"https:\/\/energoinvest-sue.hr\/?page_id=2856","name":"O nama - Energoinvest - SUE","isPartOf":{"@id":"https:\/\/energoinvest-sue.hr\/#website"},"datePublished":"2023-03-04T14:51:16+00:00","dateModified":"2023-03-06T15:02:23+00:00","breadcrumb":{"@id":"https:\/\/energoinvest-sue.hr\/?page_id=2856#breadcrumb"},"inLanguage":"en-US","potentialAction":[{"@type":"ReadAction","target":["https:\/\/energoinvest-sue.hr\/?page_id=2856"]}]},{"@type":"BreadcrumbList","@id":"https:\/\/energoinvest-sue.hr\/?page_id=2856#breadcrumb","itemListElement":[{"@type":"ListItem","position":1,"name":"Home","item":"https:\/\/energoinvest-sue.hr\/"},{"@type":"ListItem","position":2,"name":"O nama"}]},{"@type":"WebSite","@id":"https:\/\/energoinvest-sue.hr\/#website","url":"https:\/\/energoinvest-sue.hr\/","name":"Energoinvest - SUE","description":"Sistemi upravljanja energijom","potentialAction":[{"@type":"SearchAction","target":{"@type":"EntryPoint","urlTemplate":"https:\/\/energoinvest-sue.hr\/?s={search_term_string}"},"query-input":"required name=search_term_string"}],"inLanguage":"en-US"}]}},"_links":{"self":[{"href":"https:\/\/energoinvest-sue.hr\/index.php?rest_route=\/wp\/v2\/pages\/2856","targetHints":{"allow":["GET"]}}],"collection":[{"href":"https:\/\/energoinvest-sue.hr\/index.php?rest_route=\/wp\/v2\/pages"}],"about":[{"href":"https:\/\/energoinvest-sue.hr\/index.php?rest_route=\/wp\/v2\/types\/page"}],"author":[{"embeddable":true,"href":"https:\/\/energoinvest-sue.hr\/index.php?rest_route=\/wp\/v2\/users\/1"}],"replies":[{"embeddable":true,"href":"https:\/\/energoinvest-sue.hr\/index.php?rest_route=%2Fwp%2Fv2%2Fcomments&post=2856"}],"version-history":[{"count":7,"href":"https:\/\/energoinvest-sue.hr\/index.php?rest_route=\/wp\/v2\/pages\/2856\/revisions"}],"predecessor-version":[{"id":2995,"href":"https:\/\/energoinvest-sue.hr\/index.php?rest_route=\/wp\/v2\/pages\/2856\/revisions\/2995"}],"wp:attachment":[{"href":"https:\/\/energoinvest-sue.hr\/index.php?rest_route=%2Fwp%2Fv2%2Fmedia&parent=2856"}],"curies":[{"name":"wp","href":"https:\/\/api.w.org\/{rel}","templated":true}]}}