{"id":2866,"date":"2023-03-04T14:54:09","date_gmt":"2023-03-04T14:54:09","guid":{"rendered":"https:\/\/energoinvest-sue.hr\/?page_id=2866"},"modified":"2023-03-09T21:23:26","modified_gmt":"2023-03-09T21:23:26","slug":"proizvodi","status":"publish","type":"page","link":"https:\/\/energoinvest-sue.hr\/?page_id=2866","title":{"rendered":"Proizvodi"},"content":{"rendered":"\t\t<div data-elementor-type=\"wp-page\" data-elementor-id=\"2866\" class=\"elementor elementor-2866\">\n\t\t\t\t\t\t\t\t\t<section class=\"elementor-section elementor-top-section elementor-element elementor-element-c13ba10 elementor-section-boxed elementor-section-height-default elementor-section-height-default\" data-id=\"c13ba10\" data-element_type=\"section\">\n\t\t\t\t\t\t<div class=\"elementor-container elementor-column-gap-default\">\n\t\t\t\t\t<div class=\"elementor-column elementor-col-100 elementor-top-column elementor-element elementor-element-62591b8\" data-id=\"62591b8\" data-element_type=\"column\">\n\t\t\t<div class=\"elementor-widget-wrap elementor-element-populated\">\n\t\t\t\t\t\t\t\t<div class=\"elementor-element elementor-element-a553db1 animated-slow elementor-invisible elementor-widget elementor-widget-vt-windfall_offer\" data-id=\"a553db1\" data-element_type=\"widget\" data-settings=\"{&quot;_animation&quot;:&quot;slideInLeft&quot;}\" data-widget_type=\"vt-windfall_offer.default\">\n\t\t\t\t<div class=\"elementor-widget-container\">\n\t\t\t<div class=\"wndfal-offers \">\r\n  <div class=\"container\">\r\n    <div class=\"row\"><div class=\"col-xl-3 col-lg-4 col-md-6\">\r\n\t\t\t\t\t\t        <div class=\"offer-item\">\r\n\t\t\t\t\t\t          <div class=\"offer-info-wrap\">\r\n\t\t\t\t\t\t             <div class=\"wndfal-icon\"><i class=\"fa fa-bolt\" aria-hidden=\"true\"><\/i><\/div>\r\n\t\t\t\t\t\t            <h4 class=\"offer-title\"><a href=\"https:\/\/energoinvest-sue.hr\/?page_id=3057\" target=\"_blank\" >Diesel agregati <\/a><\/h4>\r\n\t\t\t\t\t\t          <\/div>\r\n\t\t\t\t\t\t          <div class=\"offer-info\">\r\n\t\t\t\t\t\t            <div class=\"wndfal-image\">\r\n\t\t\t\t\t\t              <img decoding=\"async\" src=\"https:\/\/energoinvest-sue.hr\/wp-content\/uploads\/2023\/03\/fg-wilson-power-generator-diesel-p330-5-no-housing-270x180.jpg\" alt=\"\">\r\n\t\t\t\t\t\t              <div class=\"wndfal-table-wrap\">\r\n\t\t\t\t\t\t                <div class=\"wndfal-align-wrap\">\r\n\t\t\t\t\t\t                  <p>FG Wilson<\/p><a href=\"https:\/\/energoinvest-sue.hr\/?page_id=3057\"   class=\"wndfal-btn wndfal-small-btn\"><span class=\"btn-text-wrap\"><span class=\"btn-text\">Vi\u0161e<\/span><\/span><\/a>\r\n\t\t\t\t\t\t                <\/div>\r\n\t\t\t\t\t\t              <\/div>\r\n\t\t\t\t\t\t            <\/div>\r\n\t\t\t\t\t\t          <\/div>\r\n\t\t\t\t\t\t        <\/div>\r\n\t\t\t\t\t\t      <\/div><div class=\"col-xl-3 col-lg-4 col-md-6\">\r\n\t\t\t\t\t\t        <div class=\"offer-item\">\r\n\t\t\t\t\t\t          <div class=\"offer-info-wrap\">\r\n\t\t\t\t\t\t             <div class=\"wndfal-icon\"><i class=\"fa fa-bolt\" aria-hidden=\"true\"><\/i><\/div>\r\n\t\t\t\t\t\t            <h4 class=\"offer-title\">UPS sistemi<\/h4>\r\n\t\t\t\t\t\t          <\/div>\r\n\t\t\t\t\t\t          <div class=\"offer-info\">\r\n\t\t\t\t\t\t            <div class=\"wndfal-image\">\r\n\t\t\t\t\t\t              <img decoding=\"async\" src=\"https:\/\/energoinvest-sue.hr\/wp-content\/uploads\/2019\/04\/Eaton_9E_UPS-270x180.jpg\" alt=\"\">\r\n\t\t\t\t\t\t              <div class=\"wndfal-table-wrap\">\r\n\t\t\t\t\t\t                <div class=\"wndfal-align-wrap\">\r\n\t\t\t\t\t\t                  <p>EATON<\/p><a href=\"https:\/\/energoinvest-sue.hr\/?page_id=3143\"   class=\"wndfal-btn wndfal-small-btn\"><span class=\"btn-text-wrap\"><span class=\"btn-text\">Vi\u0161e<\/span><\/span><\/a>\r\n\t\t\t\t\t\t                <\/div>\r\n\t\t\t\t\t\t              <\/div>\r\n\t\t\t\t\t\t            <\/div>\r\n\t\t\t\t\t\t          <\/div>\r\n\t\t\t\t\t\t        <\/div>\r\n\t\t\t\t\t\t      <\/div><div class=\"col-xl-3 col-lg-4 col-md-6\">\r\n\t\t\t\t\t\t        <div class=\"offer-item\">\r\n\t\t\t\t\t\t          <div class=\"offer-info-wrap\">\r\n\t\t\t\t\t\t             <div class=\"wndfal-icon\"><i class=\"fa fa-bolt\" aria-hidden=\"true\"><\/i><\/div>\r\n\t\t\t\t\t\t            <h4 class=\"offer-title\">Akumulatorske baterije<\/h4>\r\n\t\t\t\t\t\t          <\/div>\r\n\t\t\t\t\t\t          <div class=\"offer-info\">\r\n\t\t\t\t\t\t            <div class=\"wndfal-image\">\r\n\t\t\t\t\t\t              <img decoding=\"async\" src=\"https:\/\/energoinvest-sue.hr\/wp-content\/uploads\/2023\/03\/Exide-Inverter-and-Batteries-jaipur-270x180.jpg\" alt=\"\">\r\n\t\t\t\t\t\t              <div class=\"wndfal-table-wrap\">\r\n\t\t\t\t\t\t                <div class=\"wndfal-align-wrap\">\r\n\t\t\t\t\t\t                  <p>EXIDE<\/p><a href=\"https:\/\/energoinvest-sue.hr\/?page_id=3151\"   class=\"wndfal-btn wndfal-small-btn\"><span class=\"btn-text-wrap\"><span class=\"btn-text\">Vi\u0161e<\/span><\/span><\/a>\r\n\t\t\t\t\t\t                <\/div>\r\n\t\t\t\t\t\t              <\/div>\r\n\t\t\t\t\t\t            <\/div>\r\n\t\t\t\t\t\t          <\/div>\r\n\t\t\t\t\t\t        <\/div>\r\n\t\t\t\t\t\t      <\/div><div class=\"col-xl-3 col-lg-4 col-md-6\">\r\n\t\t\t\t\t\t        <div class=\"offer-item\">\r\n\t\t\t\t\t\t          <div class=\"offer-info-wrap\">\r\n\t\t\t\t\t\t             <div class=\"wndfal-icon\"><i class=\"fa fa-bolt\" aria-hidden=\"true\"><\/i><\/div>\r\n\t\t\t\t\t\t            <h4 class=\"offer-title\">Ispravlja\u010di i invertori<\/h4>\r\n\t\t\t\t\t\t          <\/div>\r\n\t\t\t\t\t\t          <div class=\"offer-info\">\r\n\t\t\t\t\t\t            <div class=\"wndfal-image\">\r\n\t\t\t\t\t\t              <img decoding=\"async\" src=\"https:\/\/energoinvest-sue.hr\/wp-content\/uploads\/2023\/03\/P_52381_P_5116_P_5205_1000px72dpiRGB-2620b425-270x180.png\" alt=\"\">\r\n\t\t\t\t\t\t              <div class=\"wndfal-table-wrap\">\r\n\t\t\t\t\t\t                <div class=\"wndfal-align-wrap\">\r\n\t\t\t\t\t\t                  <p>Benning<\/p><a href=\"https:\/\/energoinvest-sue.hr\/?page_id=3166\"   class=\"wndfal-btn wndfal-small-btn\"><span class=\"btn-text-wrap\"><span class=\"btn-text\">Vi\u0161e<\/span><\/span><\/a>\r\n\t\t\t\t\t\t                <\/div>\r\n\t\t\t\t\t\t              <\/div>\r\n\t\t\t\t\t\t            <\/div>\r\n\t\t\t\t\t\t          <\/div>\r\n\t\t\t\t\t\t        <\/div>\r\n\t\t\t\t\t\t      <\/div><div class=\"col-xl-3 col-lg-4 col-md-6\">\r\n\t\t\t\t\t\t        <div class=\"offer-item\">\r\n\t\t\t\t\t\t          <div class=\"offer-info-wrap\">\r\n\t\t\t\t\t\t             <div class=\"wndfal-icon\"><i class=\"fa fa-bolt\" aria-hidden=\"true\"><\/i><\/div>\r\n\t\t\t\t\t\t            <h4 class=\"offer-title\">AC \/ DC razvodi<\/h4>\r\n\t\t\t\t\t\t          <\/div>\r\n\t\t\t\t\t\t          <div class=\"offer-info\">\r\n\t\t\t\t\t\t            <div class=\"wndfal-image\">\r\n\t\t\t\t\t\t              <img decoding=\"async\" src=\"https:\/\/energoinvest-sue.hr\/wp-content\/uploads\/2023\/03\/1230PIC-756-270x180.jpg\" alt=\"\">\r\n\t\t\t\t\t\t              <div class=\"wndfal-table-wrap\">\r\n\t\t\t\t\t\t                <div class=\"wndfal-align-wrap\">\r\n\t\t\t\t\t\t                  <p>AC\/DC Razvodi<\/p><a href=\"https:\/\/energoinvest-sue.hr\/?page_id=3181\"   class=\"wndfal-btn wndfal-small-btn\"><span class=\"btn-text-wrap\"><span class=\"btn-text\">Vi\u0161e<\/span><\/span><\/a>\r\n\t\t\t\t\t\t                <\/div>\r\n\t\t\t\t\t\t              <\/div>\r\n\t\t\t\t\t\t            <\/div>\r\n\t\t\t\t\t\t          <\/div>\r\n\t\t\t\t\t\t        <\/div>\r\n\t\t\t\t\t\t      <\/div><div class=\"col-xl-3 col-lg-4 col-md-6\">\r\n\t\t\t\t\t\t        <div class=\"offer-item\">\r\n\t\t\t\t\t\t          <div class=\"offer-info-wrap\">\r\n\t\t\t\t\t\t             <div class=\"wndfal-icon\"><i class=\"fa fa-bolt\" aria-hidden=\"true\"><\/i><\/div>\r\n\t\t\t\t\t\t            <h4 class=\"offer-title\">Kompenzatori<\/h4>\r\n\t\t\t\t\t\t          <\/div>\r\n\t\t\t\t\t\t          <div class=\"offer-info\">\r\n\t\t\t\t\t\t            <div class=\"wndfal-image\">\r\n\t\t\t\t\t\t              <img decoding=\"async\" src=\"https:\/\/energoinvest-sue.hr\/wp-content\/uploads\/2023\/03\/239677-17073315-270x180.jpg\" alt=\"\">\r\n\t\t\t\t\t\t              <div class=\"wndfal-table-wrap\">\r\n\t\t\t\t\t\t                <div class=\"wndfal-align-wrap\">\r\n\t\t\t\t\t\t                  <p>Kompenzatori<\/p><a href=\"https:\/\/energoinvest-sue.hr\/?page_id=3197\"   class=\"wndfal-btn wndfal-small-btn\"><span class=\"btn-text-wrap\"><span class=\"btn-text\">Vi\u0161e<\/span><\/span><\/a>\r\n\t\t\t\t\t\t                <\/div>\r\n\t\t\t\t\t\t              <\/div>\r\n\t\t\t\t\t\t            <\/div>\r\n\t\t\t\t\t\t          <\/div>\r\n\t\t\t\t\t\t        <\/div>\r\n\t\t\t\t\t\t      <\/div><div class=\"col-xl-3 col-lg-4 col-md-6\">\r\n\t\t\t\t\t\t        <div class=\"offer-item\">\r\n\t\t\t\t\t\t          <div class=\"offer-info-wrap\">\r\n\t\t\t\t\t\t             <div class=\"wndfal-icon\"><i class=\"fa fa-bolt\" aria-hidden=\"true\"><\/i><\/div>\r\n\t\t\t\t\t\t            <h4 class=\"offer-title\">Ku\u010di\u0161ta <\/h4>\r\n\t\t\t\t\t\t          <\/div>\r\n\t\t\t\t\t\t          <div class=\"offer-info\">\r\n\t\t\t\t\t\t            <div class=\"wndfal-image\">\r\n\t\t\t\t\t\t              <img decoding=\"async\" src=\"https:\/\/energoinvest-sue.hr\/wp-content\/uploads\/2023\/03\/EN_350-750-270x180.jpg\" alt=\"\">\r\n\t\t\t\t\t\t              <div class=\"wndfal-table-wrap\">\r\n\t\t\t\t\t\t                <div class=\"wndfal-align-wrap\">\r\n\t\t\t\t\t\t                  <p>Ku\u010di\u0161ta<\/p><a href=\"https:\/\/energoinvest-sue.hr\/?page_id=3124\"   class=\"wndfal-btn wndfal-small-btn\"><span class=\"btn-text-wrap\"><span class=\"btn-text\">Vi\u0161e<\/span><\/span><\/a>\r\n\t\t\t\t\t\t                <\/div>\r\n\t\t\t\t\t\t              <\/div>\r\n\t\t\t\t\t\t            <\/div>\r\n\t\t\t\t\t\t          <\/div>\r\n\t\t\t\t\t\t        <\/div>\r\n\t\t\t\t\t\t      <\/div><\/div><\/div><\/div>\t\t<\/div>\n\t\t\t\t<\/div>\n\t\t\t\t\t<\/div>\n\t\t<\/div>\n\t\t\t\t\t\t\t<\/div>\n\t\t<\/section>\n\t\t\t\t\t\t\t<\/div>\n\t\t","protected":false},"excerpt":{"rendered":"Diesel agregati FG Wilson Vi\u0161e UPS sistemi EATON Vi\u0161e Akumulatorske baterije EXIDE Vi\u0161e Ispravlja\u010di i invertori Benning Vi\u0161e AC \/ DC razvodi AC\/DC Razvodi Vi\u0161e Kompenzatori Kompenzatori Vi\u0161e Ku\u010di\u0161ta Ku\u010di\u0161ta Vi\u0161e","protected":false},"author":1,"featured_media":0,"parent":0,"menu_order":0,"comment_status":"closed","ping_status":"closed","template":"","meta":{"footnotes":""},"class_list":["post-2866","page","type-page","status-publish","hentry"],"yoast_head":"<!-- This site is optimized with the Yoast SEO plugin v20.2.1 - https:\/\/yoast.com\/wordpress\/plugins\/seo\/ -->\n<title>Proizvodi - Energoinvest - SUE<\/title>\n<meta name=\"robots\" content=\"index, follow, max-snippet:-1, max-image-preview:large, max-video-preview:-1\" \/>\n<link rel=\"canonical\" href=\"https:\/\/energoinvest-sue.hr\/?page_id=2866\" \/>\n<meta property=\"og:locale\" content=\"en_US\" \/>\n<meta property=\"og:type\" content=\"article\" \/>\n<meta property=\"og:title\" content=\"Proizvodi - Energoinvest - SUE\" \/>\n<meta property=\"og:description\" content=\"Diesel agregati FG Wilson Vi\u0161e UPS sistemi EATON Vi\u0161e Akumulatorske baterije EXIDE Vi\u0161e Ispravlja\u010di i invertori Benning Vi\u0161e AC \/ DC razvodi AC\/DC Razvodi Vi\u0161e Kompenzatori Kompenzatori Vi\u0161e Ku\u010di\u0161ta Ku\u010di\u0161ta Vi\u0161e\" \/>\n<meta property=\"og:url\" content=\"https:\/\/energoinvest-sue.hr\/?page_id=2866\" \/>\n<meta property=\"og:site_name\" content=\"Energoinvest - SUE\" \/>\n<meta property=\"article:modified_time\" content=\"2023-03-09T21:23:26+00:00\" \/>\n<meta property=\"og:image\" content=\"https:\/\/energoinvest-sue.hr\/wp-content\/uploads\/2023\/03\/fg-wilson-power-generator-diesel-p330-5-no-housing-270x180.jpg\" \/>\n<meta name=\"twitter:card\" content=\"summary_large_image\" \/>\n<meta name=\"twitter:label1\" content=\"Est. reading time\" \/>\n\t<meta name=\"twitter:data1\" content=\"2 minutes\" \/>\n<script type=\"application\/ld+json\" class=\"yoast-schema-graph\">{\"@context\":\"https:\/\/schema.org\",\"@graph\":[{\"@type\":\"WebPage\",\"@id\":\"https:\/\/energoinvest-sue.hr\/?page_id=2866\",\"url\":\"https:\/\/energoinvest-sue.hr\/?page_id=2866\",\"name\":\"Proizvodi - Energoinvest - SUE\",\"isPartOf\":{\"@id\":\"https:\/\/energoinvest-sue.hr\/#website\"},\"datePublished\":\"2023-03-04T14:54:09+00:00\",\"dateModified\":\"2023-03-09T21:23:26+00:00\",\"breadcrumb\":{\"@id\":\"https:\/\/energoinvest-sue.hr\/?page_id=2866#breadcrumb\"},\"inLanguage\":\"en-US\",\"potentialAction\":[{\"@type\":\"ReadAction\",\"target\":[\"https:\/\/energoinvest-sue.hr\/?page_id=2866\"]}]},{\"@type\":\"BreadcrumbList\",\"@id\":\"https:\/\/energoinvest-sue.hr\/?page_id=2866#breadcrumb\",\"itemListElement\":[{\"@type\":\"ListItem\",\"position\":1,\"name\":\"Home\",\"item\":\"https:\/\/energoinvest-sue.hr\/\"},{\"@type\":\"ListItem\",\"position\":2,\"name\":\"Proizvodi\"}]},{\"@type\":\"WebSite\",\"@id\":\"https:\/\/energoinvest-sue.hr\/#website\",\"url\":\"https:\/\/energoinvest-sue.hr\/\",\"name\":\"Energoinvest - SUE\",\"description\":\"Sistemi upravljanja energijom\",\"potentialAction\":[{\"@type\":\"SearchAction\",\"target\":{\"@type\":\"EntryPoint\",\"urlTemplate\":\"https:\/\/energoinvest-sue.hr\/?s={search_term_string}\"},\"query-input\":\"required name=search_term_string\"}],\"inLanguage\":\"en-US\"}]}<\/script>\n<!-- \/ Yoast SEO plugin. -->","yoast_head_json":{"title":"Proizvodi - Energoinvest - SUE","robots":{"index":"index","follow":"follow","max-snippet":"max-snippet:-1","max-image-preview":"max-image-preview:large","max-video-preview":"max-video-preview:-1"},"canonical":"https:\/\/energoinvest-sue.hr\/?page_id=2866","og_locale":"en_US","og_type":"article","og_title":"Proizvodi - Energoinvest - SUE","og_description":"Diesel agregati FG Wilson Vi\u0161e UPS sistemi EATON Vi\u0161e Akumulatorske baterije EXIDE Vi\u0161e Ispravlja\u010di i invertori Benning Vi\u0161e AC \/ DC razvodi AC\/DC Razvodi Vi\u0161e Kompenzatori Kompenzatori Vi\u0161e Ku\u010di\u0161ta Ku\u010di\u0161ta Vi\u0161e","og_url":"https:\/\/energoinvest-sue.hr\/?page_id=2866","og_site_name":"Energoinvest - SUE","article_modified_time":"2023-03-09T21:23:26+00:00","og_image":[{"url":"https:\/\/energoinvest-sue.hr\/wp-content\/uploads\/2023\/03\/fg-wilson-power-generator-diesel-p330-5-no-housing-270x180.jpg"}],"twitter_card":"summary_large_image","twitter_misc":{"Est. reading time":"2 minutes"},"schema":{"@context":"https:\/\/schema.org","@graph":[{"@type":"WebPage","@id":"https:\/\/energoinvest-sue.hr\/?page_id=2866","url":"https:\/\/energoinvest-sue.hr\/?page_id=2866","name":"Proizvodi - Energoinvest - SUE","isPartOf":{"@id":"https:\/\/energoinvest-sue.hr\/#website"},"datePublished":"2023-03-04T14:54:09+00:00","dateModified":"2023-03-09T21:23:26+00:00","breadcrumb":{"@id":"https:\/\/energoinvest-sue.hr\/?page_id=2866#breadcrumb"},"inLanguage":"en-US","potentialAction":[{"@type":"ReadAction","target":["https:\/\/energoinvest-sue.hr\/?page_id=2866"]}]},{"@type":"BreadcrumbList","@id":"https:\/\/energoinvest-sue.hr\/?page_id=2866#breadcrumb","itemListElement":[{"@type":"ListItem","position":1,"name":"Home","item":"https:\/\/energoinvest-sue.hr\/"},{"@type":"ListItem","position":2,"name":"Proizvodi"}]},{"@type":"WebSite","@id":"https:\/\/energoinvest-sue.hr\/#website","url":"https:\/\/energoinvest-sue.hr\/","name":"Energoinvest - SUE","description":"Sistemi upravljanja energijom","potentialAction":[{"@type":"SearchAction","target":{"@type":"EntryPoint","urlTemplate":"https:\/\/energoinvest-sue.hr\/?s={search_term_string}"},"query-input":"required name=search_term_string"}],"inLanguage":"en-US"}]}},"_links":{"self":[{"href":"https:\/\/energoinvest-sue.hr\/index.php?rest_route=\/wp\/v2\/pages\/2866","targetHints":{"allow":["GET"]}}],"collection":[{"href":"https:\/\/energoinvest-sue.hr\/index.php?rest_route=\/wp\/v2\/pages"}],"about":[{"href":"https:\/\/energoinvest-sue.hr\/index.php?rest_route=\/wp\/v2\/types\/page"}],"author":[{"embeddable":true,"href":"https:\/\/energoinvest-sue.hr\/index.php?rest_route=\/wp\/v2\/users\/1"}],"replies":[{"embeddable":true,"href":"https:\/\/energoinvest-sue.hr\/index.php?rest_route=%2Fwp%2Fv2%2Fcomments&post=2866"}],"version-history":[{"count":55,"href":"https:\/\/energoinvest-sue.hr\/index.php?rest_route=\/wp\/v2\/pages\/2866\/revisions"}],"predecessor-version":[{"id":3288,"href":"https:\/\/energoinvest-sue.hr\/index.php?rest_route=\/wp\/v2\/pages\/2866\/revisions\/3288"}],"wp:attachment":[{"href":"https:\/\/energoinvest-sue.hr\/index.php?rest_route=%2Fwp%2Fv2%2Fmedia&parent=2866"}],"curies":[{"name":"wp","href":"https:\/\/api.w.org\/{rel}","templated":true}]}}