{"id":2888,"date":"2023-03-05T14:20:52","date_gmt":"2023-03-05T14:20:52","guid":{"rendered":"https:\/\/energoinvest-sue.hr\/?page_id=2888"},"modified":"2023-03-06T14:06:36","modified_gmt":"2023-03-06T14:06:36","slug":"klijenti","status":"publish","type":"page","link":"https:\/\/energoinvest-sue.hr\/?page_id=2888","title":{"rendered":"Klijenti"},"content":{"rendered":"\t\t<div data-elementor-type=\"wp-page\" data-elementor-id=\"2888\" class=\"elementor elementor-2888\">\n\t\t\t\t\t\t\t\t\t<section class=\"elementor-section elementor-top-section elementor-element elementor-element-4db9c6a elementor-section-boxed elementor-section-height-default elementor-section-height-default\" data-id=\"4db9c6a\" data-element_type=\"section\">\n\t\t\t\t\t\t<div class=\"elementor-container elementor-column-gap-default\">\n\t\t\t\t\t<div class=\"elementor-column elementor-col-100 elementor-top-column elementor-element elementor-element-5747131\" data-id=\"5747131\" data-element_type=\"column\">\n\t\t\t<div class=\"elementor-widget-wrap elementor-element-populated\">\n\t\t\t\t\t\t\t\t<div class=\"elementor-element elementor-element-d18a16b elementor-widget elementor-widget-heading\" data-id=\"d18a16b\" data-element_type=\"widget\" data-widget_type=\"heading.default\">\n\t\t\t\t<div class=\"elementor-widget-container\">\n\t\t\t<style>\/*! elementor - v3.11.4 - 12-03-2023 *\/\n.elementor-heading-title{padding:0;margin:0;line-height:1}.elementor-widget-heading .elementor-heading-title[class*=elementor-size-]>a{color:inherit;font-size:inherit;line-height:inherit}.elementor-widget-heading .elementor-heading-title.elementor-size-small{font-size:15px}.elementor-widget-heading .elementor-heading-title.elementor-size-medium{font-size:19px}.elementor-widget-heading .elementor-heading-title.elementor-size-large{font-size:29px}.elementor-widget-heading .elementor-heading-title.elementor-size-xl{font-size:39px}.elementor-widget-heading .elementor-heading-title.elementor-size-xxl{font-size:59px}<\/style><h2 class=\"elementor-heading-title elementor-size-default\">Neki od na\u0161ih klijenata<\/h2>\t\t<\/div>\n\t\t\t\t<\/div>\n\t\t\t\t\t<\/div>\n\t\t<\/div>\n\t\t\t\t\t\t\t<\/div>\n\t\t<\/section>\n\t\t\t\t<section class=\"elementor-section elementor-top-section elementor-element elementor-element-a1f782d elementor-section-boxed elementor-section-height-default elementor-section-height-default\" data-id=\"a1f782d\" data-element_type=\"section\">\n\t\t\t\t\t\t<div class=\"elementor-container elementor-column-gap-default\">\n\t\t\t\t\t<div class=\"elementor-column elementor-col-100 elementor-top-column elementor-element elementor-element-518b3a4\" data-id=\"518b3a4\" data-element_type=\"column\">\n\t\t\t<div class=\"elementor-widget-wrap elementor-element-populated\">\n\t\t\t\t\t\t\t\t<div class=\"elementor-element elementor-element-758e412 elementor-list-item-link-full_width elementor-widget elementor-widget-icon-list\" data-id=\"758e412\" data-element_type=\"widget\" data-widget_type=\"icon-list.default\">\n\t\t\t\t<div class=\"elementor-widget-container\">\n\t\t\t<link rel=\"stylesheet\" href=\"https:\/\/energoinvest-sue.hr\/wp-content\/plugins\/elementor\/assets\/css\/widget-icon-list.min.css\">\t\t<ul class=\"elementor-icon-list-items\">\n\t\t\t\t\t\t\t<li class=\"elementor-icon-list-item\">\n\t\t\t\t\t\t\t\t\t\t\t<span class=\"elementor-icon-list-icon\">\n\t\t\t\t\t\t\t<i aria-hidden=\"true\" class=\"fas fa-bolt\"><\/i>\t\t\t\t\t\t<\/span>\n\t\t\t\t\t\t\t\t\t\t<span class=\"elementor-icon-list-text\">PAMETNA ENERGIJA d.o.o. (Zra\u010dna luka Zagreb)<\/span>\n\t\t\t\t\t\t\t\t\t<\/li>\n\t\t\t\t\t\t\t\t<li class=\"elementor-icon-list-item\">\n\t\t\t\t\t\t\t\t\t\t\t<span class=\"elementor-icon-list-icon\">\n\t\t\t\t\t\t\t<i aria-hidden=\"true\" class=\"fas fa-bolt\"><\/i>\t\t\t\t\t\t<\/span>\n\t\t\t\t\t\t\t\t\t\t<span class=\"elementor-icon-list-text\">CENTAR ZA VOZILA HRVATSKE d.o.o.<\/span>\n\t\t\t\t\t\t\t\t\t<\/li>\n\t\t\t\t\t\t\t\t<li class=\"elementor-icon-list-item\">\n\t\t\t\t\t\t\t\t\t\t\t<span class=\"elementor-icon-list-icon\">\n\t\t\t\t\t\t\t<i aria-hidden=\"true\" class=\"fas fa-bolt\"><\/i>\t\t\t\t\t\t<\/span>\n\t\t\t\t\t\t\t\t\t\t<span class=\"elementor-icon-list-text\">M-SAN d.o.o (Zra\u010dna luka Zagreb)<\/span>\n\t\t\t\t\t\t\t\t\t<\/li>\n\t\t\t\t\t\t\t\t<li class=\"elementor-icon-list-item\">\n\t\t\t\t\t\t\t\t\t\t\t<span class=\"elementor-icon-list-icon\">\n\t\t\t\t\t\t\t<i aria-hidden=\"true\" class=\"fas fa-bolt\"><\/i>\t\t\t\t\t\t<\/span>\n\t\t\t\t\t\t\t\t\t\t<span class=\"elementor-icon-list-text\">C6 d.o.o.<\/span>\n\t\t\t\t\t\t\t\t\t<\/li>\n\t\t\t\t\t\t\t\t<li class=\"elementor-icon-list-item\">\n\t\t\t\t\t\t\t\t\t\t\t<span class=\"elementor-icon-list-icon\">\n\t\t\t\t\t\t\t<i aria-hidden=\"true\" class=\"fas fa-bolt\"><\/i>\t\t\t\t\t\t<\/span>\n\t\t\t\t\t\t\t\t\t\t<span class=\"elementor-icon-list-text\">KBC ZAGREB   (KBC \u0160alata)                                                <\/span>\n\t\t\t\t\t\t\t\t\t<\/li>\n\t\t\t\t\t\t\t\t<li class=\"elementor-icon-list-item\">\n\t\t\t\t\t\t\t\t\t\t\t<span class=\"elementor-icon-list-icon\">\n\t\t\t\t\t\t\t<i aria-hidden=\"true\" class=\"fas fa-bolt\"><\/i>\t\t\t\t\t\t<\/span>\n\t\t\t\t\t\t\t\t\t\t<span class=\"elementor-icon-list-text\">ELEKTROMONT obrt  (Poslovno - stambeni objekt,  Sv.Duh-Dunjevac)                 <\/span>\n\t\t\t\t\t\t\t\t\t<\/li>\n\t\t\t\t\t\t\t\t<li class=\"elementor-icon-list-item\">\n\t\t\t\t\t\t\t\t\t\t\t<span class=\"elementor-icon-list-icon\">\n\t\t\t\t\t\t\t<i aria-hidden=\"true\" class=\"fas fa-bolt\"><\/i>\t\t\t\t\t\t<\/span>\n\t\t\t\t\t\t\t\t\t\t<span class=\"elementor-icon-list-text\">MEDICAL INTERTRADE   d.o.o.  (objekt Vukovar)           <\/span>\n\t\t\t\t\t\t\t\t\t<\/li>\n\t\t\t\t\t\t\t\t<li class=\"elementor-icon-list-item\">\n\t\t\t\t\t\t\t\t\t\t\t<span class=\"elementor-icon-list-icon\">\n\t\t\t\t\t\t\t<i aria-hidden=\"true\" class=\"fas fa-bolt\"><\/i>\t\t\t\t\t\t<\/span>\n\t\t\t\t\t\t\t\t\t\t<span class=\"elementor-icon-list-text\">AQUAPARK d.o.o.    (Rekreacijski centar, Brtonigla)              <\/span>\n\t\t\t\t\t\t\t\t\t<\/li>\n\t\t\t\t\t\t\t\t<li class=\"elementor-icon-list-item\">\n\t\t\t\t\t\t\t\t\t\t\t<span class=\"elementor-icon-list-icon\">\n\t\t\t\t\t\t\t<i aria-hidden=\"true\" class=\"fas fa-bolt\"><\/i>\t\t\t\t\t\t<\/span>\n\t\t\t\t\t\t\t\t\t\t<span class=\"elementor-icon-list-text\">ENERGOKOM d.o.o                   <\/span>\n\t\t\t\t\t\t\t\t\t<\/li>\n\t\t\t\t\t\t\t\t<li class=\"elementor-icon-list-item\">\n\t\t\t\t\t\t\t\t\t\t\t<span class=\"elementor-icon-list-icon\">\n\t\t\t\t\t\t\t<i aria-hidden=\"true\" class=\"fas fa-bolt\"><\/i>\t\t\t\t\t\t<\/span>\n\t\t\t\t\t\t\t\t\t\t<span class=\"elementor-icon-list-text\">BARANJSKI VO\u0106NJACI d.o.o. ( Kne\u017eevi vinogradi)      <\/span>\n\t\t\t\t\t\t\t\t\t<\/li>\n\t\t\t\t\t\t\t\t<li class=\"elementor-icon-list-item\">\n\t\t\t\t\t\t\t\t\t\t\t<span class=\"elementor-icon-list-icon\">\n\t\t\t\t\t\t\t<i aria-hidden=\"true\" class=\"fas fa-bolt\"><\/i>\t\t\t\t\t\t<\/span>\n\t\t\t\t\t\t\t\t\t\t<span class=\"elementor-icon-list-text\">ELKOS d.o.o.                                 <\/span>\n\t\t\t\t\t\t\t\t\t<\/li>\n\t\t\t\t\t\t\t\t<li class=\"elementor-icon-list-item\">\n\t\t\t\t\t\t\t\t\t\t\t<span class=\"elementor-icon-list-icon\">\n\t\t\t\t\t\t\t<i aria-hidden=\"true\" class=\"fas fa-bolt\"><\/i>\t\t\t\t\t\t<\/span>\n\t\t\t\t\t\t\t\t\t\t<span class=\"elementor-icon-list-text\">YASENKA d.o.o. (objekt Vukovar)                         <\/span>\n\t\t\t\t\t\t\t\t\t<\/li>\n\t\t\t\t\t\t\t\t<li class=\"elementor-icon-list-item\">\n\t\t\t\t\t\t\t\t\t\t\t<span class=\"elementor-icon-list-icon\">\n\t\t\t\t\t\t\t<i aria-hidden=\"true\" class=\"fas fa-bolt\"><\/i>\t\t\t\t\t\t<\/span>\n\t\t\t\t\t\t\t\t\t\t<span class=\"elementor-icon-list-text\">EI ENERGOKOM d.o.o.                  <\/span>\n\t\t\t\t\t\t\t\t\t<\/li>\n\t\t\t\t\t\t\t\t<li class=\"elementor-icon-list-item\">\n\t\t\t\t\t\t\t\t\t\t\t<span class=\"elementor-icon-list-icon\">\n\t\t\t\t\t\t\t<i aria-hidden=\"true\" class=\"fas fa-bolt\"><\/i>\t\t\t\t\t\t<\/span>\n\t\t\t\t\t\t\t\t\t\t<span class=\"elementor-icon-list-text\">ADEO d.o.o.                                <\/span>\n\t\t\t\t\t\t\t\t\t<\/li>\n\t\t\t\t\t\t\t\t<li class=\"elementor-icon-list-item\">\n\t\t\t\t\t\t\t\t\t\t\t<span class=\"elementor-icon-list-icon\">\n\t\t\t\t\t\t\t<i aria-hidden=\"true\" class=\"fas fa-bolt\"><\/i>\t\t\t\t\t\t<\/span>\n\t\t\t\t\t\t\t\t\t\t<span class=\"elementor-icon-list-text\">SIGMA TRGOVINA d.o.o. (objekt DOKA, Dugopolje)           <\/span>\n\t\t\t\t\t\t\t\t\t<\/li>\n\t\t\t\t\t\t\t\t<li class=\"elementor-icon-list-item\">\n\t\t\t\t\t\t\t\t\t\t\t<span class=\"elementor-icon-list-icon\">\n\t\t\t\t\t\t\t<i aria-hidden=\"true\" class=\"fas fa-bolt\"><\/i>\t\t\t\t\t\t<\/span>\n\t\t\t\t\t\t\t\t\t\t<span class=\"elementor-icon-list-text\">FACIES d.o.o.  (objekt HOK osiguravaju\u0107a ku\u0107a, Zagreb)                            <\/span>\n\t\t\t\t\t\t\t\t\t<\/li>\n\t\t\t\t\t\t\t\t<li class=\"elementor-icon-list-item\">\n\t\t\t\t\t\t\t\t\t\t\t<span class=\"elementor-icon-list-icon\">\n\t\t\t\t\t\t\t<i aria-hidden=\"true\" class=\"fas fa-bolt\"><\/i>\t\t\t\t\t\t<\/span>\n\t\t\t\t\t\t\t\t\t\t<span class=\"elementor-icon-list-text\">AP NAPAJANJA d.o.o. Zagreb<\/span>\n\t\t\t\t\t\t\t\t\t<\/li>\n\t\t\t\t\t\t<\/ul>\n\t\t\t\t<\/div>\n\t\t\t\t<\/div>\n\t\t\t\t\t<\/div>\n\t\t<\/div>\n\t\t\t\t\t\t\t<\/div>\n\t\t<\/section>\n\t\t\t\t\t\t\t<\/div>\n\t\t","protected":false},"excerpt":{"rendered":"Neki od na\u0161ih klijenata PAMETNA ENERGIJA d.o.o. (Zra\u010dna luka Zagreb) CENTAR ZA VOZILA HRVATSKE d.o.o. M-SAN d.o.o (Zra\u010dna luka Zagreb) C6 d.o.o. KBC ZAGREB (KBC \u0160alata) ELEKTROMONT obrt (Poslovno &#8211; stambeni objekt, Sv.Duh-Dunjevac) MEDICAL INTERTRADE d.o.o. (objekt Vukovar) AQUAPARK d.o.o. (Rekreacijski centar, Brtonigla) ENERGOKOM d.o.o BARANJSKI VO\u0106NJACI d.o.o. ( Kne\u017eevi vinogradi) ELKOS d.o.o. YASENKA d.o.o&#8230;.","protected":false},"author":1,"featured_media":0,"parent":0,"menu_order":0,"comment_status":"closed","ping_status":"closed","template":"","meta":{"footnotes":""},"class_list":["post-2888","page","type-page","status-publish","hentry"],"yoast_head":"<!-- This site is optimized with the Yoast SEO plugin v20.2.1 - https:\/\/yoast.com\/wordpress\/plugins\/seo\/ -->\n<title>Klijenti - Energoinvest - SUE<\/title>\n<meta name=\"robots\" content=\"index, follow, max-snippet:-1, max-image-preview:large, max-video-preview:-1\" \/>\n<link rel=\"canonical\" href=\"https:\/\/energoinvest-sue.hr\/?page_id=2888\" \/>\n<meta property=\"og:locale\" content=\"en_US\" \/>\n<meta property=\"og:type\" content=\"article\" \/>\n<meta property=\"og:title\" content=\"Klijenti - Energoinvest - SUE\" \/>\n<meta property=\"og:description\" content=\"Neki od na\u0161ih klijenata PAMETNA ENERGIJA d.o.o. (Zra\u010dna luka Zagreb) CENTAR ZA VOZILA HRVATSKE d.o.o. M-SAN d.o.o (Zra\u010dna luka Zagreb) C6 d.o.o. KBC ZAGREB (KBC \u0160alata) ELEKTROMONT obrt (Poslovno &#8211; stambeni objekt, Sv.Duh-Dunjevac) MEDICAL INTERTRADE d.o.o. (objekt Vukovar) AQUAPARK d.o.o. (Rekreacijski centar, Brtonigla) ENERGOKOM d.o.o BARANJSKI VO\u0106NJACI d.o.o. ( Kne\u017eevi vinogradi) ELKOS d.o.o. YASENKA d.o.o....\" \/>\n<meta property=\"og:url\" content=\"https:\/\/energoinvest-sue.hr\/?page_id=2888\" \/>\n<meta property=\"og:site_name\" content=\"Energoinvest - SUE\" \/>\n<meta property=\"article:modified_time\" content=\"2023-03-06T14:06:36+00:00\" \/>\n<meta property=\"og:image\" content=\"https:\/\/energoinvest-sue.hr\/wp-content\/uploads\/2019\/04\/How-Electricity-Works.jpg.png\" \/>\n\t<meta property=\"og:image:width\" content=\"999\" \/>\n\t<meta property=\"og:image:height\" content=\"600\" \/>\n\t<meta property=\"og:image:type\" content=\"image\/png\" \/>\n<meta name=\"twitter:card\" content=\"summary_large_image\" \/>\n<meta name=\"twitter:label1\" content=\"Est. reading time\" \/>\n\t<meta name=\"twitter:data1\" content=\"1 minute\" \/>\n<script type=\"application\/ld+json\" class=\"yoast-schema-graph\">{\"@context\":\"https:\/\/schema.org\",\"@graph\":[{\"@type\":\"WebPage\",\"@id\":\"https:\/\/energoinvest-sue.hr\/?page_id=2888\",\"url\":\"https:\/\/energoinvest-sue.hr\/?page_id=2888\",\"name\":\"Klijenti - Energoinvest - SUE\",\"isPartOf\":{\"@id\":\"https:\/\/energoinvest-sue.hr\/#website\"},\"datePublished\":\"2023-03-05T14:20:52+00:00\",\"dateModified\":\"2023-03-06T14:06:36+00:00\",\"breadcrumb\":{\"@id\":\"https:\/\/energoinvest-sue.hr\/?page_id=2888#breadcrumb\"},\"inLanguage\":\"en-US\",\"potentialAction\":[{\"@type\":\"ReadAction\",\"target\":[\"https:\/\/energoinvest-sue.hr\/?page_id=2888\"]}]},{\"@type\":\"BreadcrumbList\",\"@id\":\"https:\/\/energoinvest-sue.hr\/?page_id=2888#breadcrumb\",\"itemListElement\":[{\"@type\":\"ListItem\",\"position\":1,\"name\":\"Home\",\"item\":\"https:\/\/energoinvest-sue.hr\/\"},{\"@type\":\"ListItem\",\"position\":2,\"name\":\"Klijenti\"}]},{\"@type\":\"WebSite\",\"@id\":\"https:\/\/energoinvest-sue.hr\/#website\",\"url\":\"https:\/\/energoinvest-sue.hr\/\",\"name\":\"Energoinvest - SUE\",\"description\":\"Sistemi upravljanja energijom\",\"potentialAction\":[{\"@type\":\"SearchAction\",\"target\":{\"@type\":\"EntryPoint\",\"urlTemplate\":\"https:\/\/energoinvest-sue.hr\/?s={search_term_string}\"},\"query-input\":\"required name=search_term_string\"}],\"inLanguage\":\"en-US\"}]}<\/script>\n<!-- \/ Yoast SEO plugin. -->","yoast_head_json":{"title":"Klijenti - Energoinvest - SUE","robots":{"index":"index","follow":"follow","max-snippet":"max-snippet:-1","max-image-preview":"max-image-preview:large","max-video-preview":"max-video-preview:-1"},"canonical":"https:\/\/energoinvest-sue.hr\/?page_id=2888","og_locale":"en_US","og_type":"article","og_title":"Klijenti - Energoinvest - SUE","og_description":"Neki od na\u0161ih klijenata PAMETNA ENERGIJA d.o.o. (Zra\u010dna luka Zagreb) CENTAR ZA VOZILA HRVATSKE d.o.o. M-SAN d.o.o (Zra\u010dna luka Zagreb) C6 d.o.o. KBC ZAGREB (KBC \u0160alata) ELEKTROMONT obrt (Poslovno &#8211; stambeni objekt, Sv.Duh-Dunjevac) MEDICAL INTERTRADE d.o.o. (objekt Vukovar) AQUAPARK d.o.o. (Rekreacijski centar, Brtonigla) ENERGOKOM d.o.o BARANJSKI VO\u0106NJACI d.o.o. ( Kne\u017eevi vinogradi) ELKOS d.o.o. YASENKA d.o.o....","og_url":"https:\/\/energoinvest-sue.hr\/?page_id=2888","og_site_name":"Energoinvest - SUE","article_modified_time":"2023-03-06T14:06:36+00:00","og_image":[{"width":999,"height":600,"url":"https:\/\/energoinvest-sue.hr\/wp-content\/uploads\/2019\/04\/How-Electricity-Works.jpg.png","type":"image\/png"}],"twitter_card":"summary_large_image","twitter_misc":{"Est. reading time":"1 minute"},"schema":{"@context":"https:\/\/schema.org","@graph":[{"@type":"WebPage","@id":"https:\/\/energoinvest-sue.hr\/?page_id=2888","url":"https:\/\/energoinvest-sue.hr\/?page_id=2888","name":"Klijenti - Energoinvest - SUE","isPartOf":{"@id":"https:\/\/energoinvest-sue.hr\/#website"},"datePublished":"2023-03-05T14:20:52+00:00","dateModified":"2023-03-06T14:06:36+00:00","breadcrumb":{"@id":"https:\/\/energoinvest-sue.hr\/?page_id=2888#breadcrumb"},"inLanguage":"en-US","potentialAction":[{"@type":"ReadAction","target":["https:\/\/energoinvest-sue.hr\/?page_id=2888"]}]},{"@type":"BreadcrumbList","@id":"https:\/\/energoinvest-sue.hr\/?page_id=2888#breadcrumb","itemListElement":[{"@type":"ListItem","position":1,"name":"Home","item":"https:\/\/energoinvest-sue.hr\/"},{"@type":"ListItem","position":2,"name":"Klijenti"}]},{"@type":"WebSite","@id":"https:\/\/energoinvest-sue.hr\/#website","url":"https:\/\/energoinvest-sue.hr\/","name":"Energoinvest - SUE","description":"Sistemi upravljanja energijom","potentialAction":[{"@type":"SearchAction","target":{"@type":"EntryPoint","urlTemplate":"https:\/\/energoinvest-sue.hr\/?s={search_term_string}"},"query-input":"required name=search_term_string"}],"inLanguage":"en-US"}]}},"_links":{"self":[{"href":"https:\/\/energoinvest-sue.hr\/index.php?rest_route=\/wp\/v2\/pages\/2888","targetHints":{"allow":["GET"]}}],"collection":[{"href":"https:\/\/energoinvest-sue.hr\/index.php?rest_route=\/wp\/v2\/pages"}],"about":[{"href":"https:\/\/energoinvest-sue.hr\/index.php?rest_route=\/wp\/v2\/types\/page"}],"author":[{"embeddable":true,"href":"https:\/\/energoinvest-sue.hr\/index.php?rest_route=\/wp\/v2\/users\/1"}],"replies":[{"embeddable":true,"href":"https:\/\/energoinvest-sue.hr\/index.php?rest_route=%2Fwp%2Fv2%2Fcomments&post=2888"}],"version-history":[{"count":4,"href":"https:\/\/energoinvest-sue.hr\/index.php?rest_route=\/wp\/v2\/pages\/2888\/revisions"}],"predecessor-version":[{"id":2980,"href":"https:\/\/energoinvest-sue.hr\/index.php?rest_route=\/wp\/v2\/pages\/2888\/revisions\/2980"}],"wp:attachment":[{"href":"https:\/\/energoinvest-sue.hr\/index.php?rest_route=%2Fwp%2Fv2%2Fmedia&parent=2888"}],"curies":[{"name":"wp","href":"https:\/\/api.w.org\/{rel}","templated":true}]}}