{"id":3166,"date":"2023-03-09T19:25:34","date_gmt":"2023-03-09T19:25:34","guid":{"rendered":"https:\/\/energoinvest-sue.hr\/?page_id=3166"},"modified":"2023-03-09T19:33:20","modified_gmt":"2023-03-09T19:33:20","slug":"ispravljaci-i-invertori","status":"publish","type":"page","link":"https:\/\/energoinvest-sue.hr\/?page_id=3166","title":{"rendered":"Ispravlja\u010di i invertori"},"content":{"rendered":"\t\t<div data-elementor-type=\"wp-page\" data-elementor-id=\"3166\" class=\"elementor elementor-3166\">\n\t\t\t\t\t\t\t\t\t<section class=\"elementor-section elementor-top-section elementor-element elementor-element-fe16234 elementor-section-boxed elementor-section-height-default elementor-section-height-default\" data-id=\"fe16234\" data-element_type=\"section\">\n\t\t\t\t\t\t<div class=\"elementor-container elementor-column-gap-default\">\n\t\t\t\t\t<div class=\"elementor-column elementor-col-100 elementor-top-column elementor-element elementor-element-bb9f355\" data-id=\"bb9f355\" data-element_type=\"column\">\n\t\t\t<div class=\"elementor-widget-wrap elementor-element-populated\">\n\t\t\t\t\t\t\t\t<div class=\"elementor-element elementor-element-1de1f70 elementor-widget elementor-widget-text-editor\" data-id=\"1de1f70\" data-element_type=\"widget\" data-widget_type=\"text-editor.default\">\n\t\t\t\t<div class=\"elementor-widget-container\">\n\t\t\t<style>\/*! elementor - v3.11.4 - 12-03-2023 *\/\n.elementor-widget-text-editor.elementor-drop-cap-view-stacked .elementor-drop-cap{background-color:#818a91;color:#fff}.elementor-widget-text-editor.elementor-drop-cap-view-framed .elementor-drop-cap{color:#818a91;border:3px solid;background-color:transparent}.elementor-widget-text-editor:not(.elementor-drop-cap-view-default) .elementor-drop-cap{margin-top:8px}.elementor-widget-text-editor:not(.elementor-drop-cap-view-default) .elementor-drop-cap-letter{width:1em;height:1em}.elementor-widget-text-editor .elementor-drop-cap{float:left;text-align:center;line-height:1;font-size:50px}.elementor-widget-text-editor .elementor-drop-cap-letter{display:inline-block}<\/style>\t\t\t\t<p style=\"margin-bottom: 0.0001pt; text-align: justify; line-height: normal; background-image: initial; background-position: initial; background-size: initial; background-repeat: initial; background-attachment: initial; background-origin: initial; background-clip: initial;\"><b><span style=\"font-size: 10.5pt; font-family: 'Tahoma',sans-serif; mso-fareast-font-family: 'Times New Roman'; color: #575757;\">ENERGOINVEST SUE je ovla\u0161teni zastupnik Benniga u BIH.<\/span><\/b><span style=\"font-size: 10.5pt; font-family: 'Tahoma',sans-serif; mso-fareast-font-family: 'Times New Roman'; color: #575757;\">&nbsp;Veoma \u0161iroka paleta Benning proizvoda za razne namjene, stru\u010dnost kadra na\u0161e kompanije sa dugogodi\u0161njim iskustvom na polju elektroenergetike i jaka servisna podr\u0161ka nakon prodaje, omogu\u0107uje na\u0161oj kompaniji kompletan nastup na tr\u017ei\u0161tu sa sistemima za besprekidno napajanje<br>skrojenih po mjeri krit\u010dnih potro\u0161a\u010da.<\/span><\/p>\n<p style=\"margin-bottom: 0.0001pt; text-align: justify; line-height: normal; background-image: initial; background-position: initial; background-size: initial; background-repeat: initial; background-attachment: initial; background-origin: initial; background-clip: initial;\"><span style=\"font-size: 10.5pt; font-family: 'Tahoma',sans-serif; mso-fareast-font-family: 'Times New Roman'; color: #575757;\">&nbsp;<\/span><\/p>\n<p style=\"margin-bottom: 0.0001pt; text-align: justify; line-height: normal; background-image: initial; background-position: initial; background-size: initial; background-repeat: initial; background-attachment: initial; background-origin: initial; background-clip: initial;\"><span style=\"font-size: 10.5pt; font-family: 'Tahoma',sans-serif; mso-fareast-font-family: 'Times New Roman'; color: #575757;\">U svim oblastima industrije i javnog \u017eivota pove\u010dava se broj potro\u0161\u010da elektri\u010dne energije koji moraju imati rezervno napajanje u slu\u010daju ispada mre\u017enog napajanja. Kao rezervno napajanje, sve vi\u0161e se koriste ispravlja\u010di sa paralelno priklju\u010denim akumulatorskim baterijama. Ovakav na\u010din priklju\u010denja akumulatorskih baterija se naziva&nbsp;<i>\u201cparalelan spoj u pripravnosti \u201d<\/i>.<\/span><\/p>\n<p style=\"margin-bottom: 0.0001pt; text-align: justify; line-height: normal; background-image: initial; background-position: initial; background-size: initial; background-repeat: initial; background-attachment: initial; background-origin: initial; background-clip: initial;\"><span style=\"font-size: 10.5pt; font-family: 'Tahoma',sans-serif; mso-fareast-font-family: 'Times New Roman'; color: #575757;\">&nbsp;<\/span><\/p>\n<p style=\"margin-bottom: 0.0001pt; line-height: normal; background-image: initial; background-position: initial; background-size: initial; background-repeat: initial; background-attachment: initial; background-origin: initial; background-clip: initial;\"><span style=\"font-size: 10.5pt; font-family: 'Tahoma',sans-serif; mso-fareast-font-family: 'Times New Roman'; color: #575757;\">Akumulatorskim baterijama podr\u017eano napajanje istosmijernom strujom nalazi \u0161iroku primjenu u podru\u010dju:<\/span><\/p>\n<p style=\"margin-bottom: 0.0001pt; line-height: normal; background-image: initial; background-position: initial; background-size: initial; background-repeat: initial; background-attachment: initial; background-origin: initial; background-clip: initial;\"><b><span style=\"font-size: 10.5pt; font-family: 'Tahoma',sans-serif; mso-fareast-font-family: 'Times New Roman'; color: #575757;\">&#8211; nadzora i upravljanja proizvodnim procesima<\/span><\/b><\/p>\n<p style=\"margin-bottom: 0.0001pt; line-height: normal; background-image: initial; background-position: initial; background-size: initial; background-repeat: initial; background-attachment: initial; background-origin: initial; background-clip: initial;\"><b><span style=\"font-size: 10.5pt; font-family: 'Tahoma',sans-serif; mso-fareast-font-family: 'Times New Roman'; color: #575757;\">&#8211; napajanju elektronskih ure\u0111aja u mijernoj i regulacionoj tehnici&nbsp;<\/span><\/b><\/p>\n<p><b><span style=\"font-size: 10.5pt; font-family: 'Tahoma',sans-serif; mso-fareast-font-family: 'Times New Roman'; color: #575757;\">&#8211; u tehnici prijenosa i obrade podataka (telemetrija, telekomunikacije, radio sistemi itd.)<\/span><\/b><\/p>\n<p><b><span style=\"font-size: 10.5pt; font-family: 'Tahoma',sans-serif; mso-fareast-font-family: 'Times New Roman'; color: #575757;\">&nbsp;<\/span><\/b><\/p>\n<p><span style=\"font-size: 10.5pt; font-family: 'Tahoma',sans-serif; mso-fareast-font-family: 'Times New Roman'; color: #575757;\"><a href=\"https:\/\/energoinvest-sue.hr\/?page_id=377\"><span style=\"color: #1a2a64;\">Za vi\u0161e informacija po\u0161aljite upit putem kontakt forme<\/span><\/a>.<\/span><b><span style=\"font-size: 10.5pt; font-family: 'Tahoma',sans-serif; mso-fareast-font-family: 'Times New Roman'; color: #575757;\"><br><\/span><\/b><\/p>\t\t\t\t\t\t<\/div>\n\t\t\t\t<\/div>\n\t\t\t\t\t<\/div>\n\t\t<\/div>\n\t\t\t\t\t\t\t<\/div>\n\t\t<\/section>\n\t\t\t\t\t\t\t<\/div>\n\t\t","protected":false},"excerpt":{"rendered":"ENERGOINVEST SUE je ovla\u0161teni zastupnik Benniga u BIH.&nbsp;Veoma \u0161iroka paleta Benning proizvoda za razne namjene, stru\u010dnost kadra na\u0161e kompanije sa dugogodi\u0161njim iskustvom na polju elektroenergetike i jaka servisna podr\u0161ka nakon prodaje, omogu\u0107uje na\u0161oj kompaniji kompletan nastup na tr\u017ei\u0161tu sa sistemima za besprekidno napajanjeskrojenih po mjeri krit\u010dnih potro\u0161a\u010da. &nbsp; U svim oblastima industrije i javnog \u017eivota&#8230;","protected":false},"author":1,"featured_media":0,"parent":2866,"menu_order":0,"comment_status":"closed","ping_status":"closed","template":"","meta":{"footnotes":""},"class_list":["post-3166","page","type-page","status-publish","hentry"],"yoast_head":"<!-- This site is optimized with the Yoast SEO plugin v20.2.1 - https:\/\/yoast.com\/wordpress\/plugins\/seo\/ -->\n<title>Ispravlja\u010di i invertori - Energoinvest - SUE<\/title>\n<meta name=\"robots\" content=\"index, follow, max-snippet:-1, max-image-preview:large, max-video-preview:-1\" \/>\n<link rel=\"canonical\" href=\"https:\/\/energoinvest-sue.hr\/?page_id=3166\" \/>\n<meta property=\"og:locale\" content=\"en_US\" \/>\n<meta property=\"og:type\" content=\"article\" \/>\n<meta property=\"og:title\" content=\"Ispravlja\u010di i invertori - Energoinvest - SUE\" \/>\n<meta property=\"og:description\" content=\"ENERGOINVEST SUE je ovla\u0161teni zastupnik Benniga u BIH.&nbsp;Veoma \u0161iroka paleta Benning proizvoda za razne namjene, stru\u010dnost kadra na\u0161e kompanije sa dugogodi\u0161njim iskustvom na polju elektroenergetike i jaka servisna podr\u0161ka nakon prodaje, omogu\u0107uje na\u0161oj kompaniji kompletan nastup na tr\u017ei\u0161tu sa sistemima za besprekidno napajanjeskrojenih po mjeri krit\u010dnih potro\u0161a\u010da. &nbsp; U svim oblastima industrije i javnog \u017eivota...\" \/>\n<meta property=\"og:url\" content=\"https:\/\/energoinvest-sue.hr\/?page_id=3166\" \/>\n<meta property=\"og:site_name\" content=\"Energoinvest - SUE\" \/>\n<meta property=\"article:modified_time\" content=\"2023-03-09T19:33:20+00:00\" \/>\n<meta property=\"og:image\" content=\"https:\/\/energoinvest-sue.hr\/wp-content\/uploads\/2019\/04\/How-Electricity-Works.jpg.png\" \/>\n\t<meta property=\"og:image:width\" content=\"999\" \/>\n\t<meta property=\"og:image:height\" content=\"600\" \/>\n\t<meta property=\"og:image:type\" content=\"image\/png\" \/>\n<meta name=\"twitter:card\" content=\"summary_large_image\" \/>\n<meta name=\"twitter:label1\" content=\"Est. reading time\" \/>\n\t<meta name=\"twitter:data1\" content=\"1 minute\" \/>\n<script type=\"application\/ld+json\" class=\"yoast-schema-graph\">{\"@context\":\"https:\/\/schema.org\",\"@graph\":[{\"@type\":\"WebPage\",\"@id\":\"https:\/\/energoinvest-sue.hr\/?page_id=3166\",\"url\":\"https:\/\/energoinvest-sue.hr\/?page_id=3166\",\"name\":\"Ispravlja\u010di i invertori - Energoinvest - SUE\",\"isPartOf\":{\"@id\":\"https:\/\/energoinvest-sue.hr\/#website\"},\"datePublished\":\"2023-03-09T19:25:34+00:00\",\"dateModified\":\"2023-03-09T19:33:20+00:00\",\"breadcrumb\":{\"@id\":\"https:\/\/energoinvest-sue.hr\/?page_id=3166#breadcrumb\"},\"inLanguage\":\"en-US\",\"potentialAction\":[{\"@type\":\"ReadAction\",\"target\":[\"https:\/\/energoinvest-sue.hr\/?page_id=3166\"]}]},{\"@type\":\"BreadcrumbList\",\"@id\":\"https:\/\/energoinvest-sue.hr\/?page_id=3166#breadcrumb\",\"itemListElement\":[{\"@type\":\"ListItem\",\"position\":1,\"name\":\"Home\",\"item\":\"https:\/\/energoinvest-sue.hr\/\"},{\"@type\":\"ListItem\",\"position\":2,\"name\":\"Proizvodi\",\"item\":\"https:\/\/energoinvest-sue.hr\/?page_id=2866\"},{\"@type\":\"ListItem\",\"position\":3,\"name\":\"Ispravlja\u010di i invertori\"}]},{\"@type\":\"WebSite\",\"@id\":\"https:\/\/energoinvest-sue.hr\/#website\",\"url\":\"https:\/\/energoinvest-sue.hr\/\",\"name\":\"Energoinvest - SUE\",\"description\":\"Sistemi upravljanja energijom\",\"potentialAction\":[{\"@type\":\"SearchAction\",\"target\":{\"@type\":\"EntryPoint\",\"urlTemplate\":\"https:\/\/energoinvest-sue.hr\/?s={search_term_string}\"},\"query-input\":\"required name=search_term_string\"}],\"inLanguage\":\"en-US\"}]}<\/script>\n<!-- \/ Yoast SEO plugin. -->","yoast_head_json":{"title":"Ispravlja\u010di i invertori - Energoinvest - SUE","robots":{"index":"index","follow":"follow","max-snippet":"max-snippet:-1","max-image-preview":"max-image-preview:large","max-video-preview":"max-video-preview:-1"},"canonical":"https:\/\/energoinvest-sue.hr\/?page_id=3166","og_locale":"en_US","og_type":"article","og_title":"Ispravlja\u010di i invertori - Energoinvest - SUE","og_description":"ENERGOINVEST SUE je ovla\u0161teni zastupnik Benniga u BIH.&nbsp;Veoma \u0161iroka paleta Benning proizvoda za razne namjene, stru\u010dnost kadra na\u0161e kompanije sa dugogodi\u0161njim iskustvom na polju elektroenergetike i jaka servisna podr\u0161ka nakon prodaje, omogu\u0107uje na\u0161oj kompaniji kompletan nastup na tr\u017ei\u0161tu sa sistemima za besprekidno napajanjeskrojenih po mjeri krit\u010dnih potro\u0161a\u010da. &nbsp; U svim oblastima industrije i javnog \u017eivota...","og_url":"https:\/\/energoinvest-sue.hr\/?page_id=3166","og_site_name":"Energoinvest - SUE","article_modified_time":"2023-03-09T19:33:20+00:00","og_image":[{"width":999,"height":600,"url":"https:\/\/energoinvest-sue.hr\/wp-content\/uploads\/2019\/04\/How-Electricity-Works.jpg.png","type":"image\/png"}],"twitter_card":"summary_large_image","twitter_misc":{"Est. reading time":"1 minute"},"schema":{"@context":"https:\/\/schema.org","@graph":[{"@type":"WebPage","@id":"https:\/\/energoinvest-sue.hr\/?page_id=3166","url":"https:\/\/energoinvest-sue.hr\/?page_id=3166","name":"Ispravlja\u010di i invertori - Energoinvest - SUE","isPartOf":{"@id":"https:\/\/energoinvest-sue.hr\/#website"},"datePublished":"2023-03-09T19:25:34+00:00","dateModified":"2023-03-09T19:33:20+00:00","breadcrumb":{"@id":"https:\/\/energoinvest-sue.hr\/?page_id=3166#breadcrumb"},"inLanguage":"en-US","potentialAction":[{"@type":"ReadAction","target":["https:\/\/energoinvest-sue.hr\/?page_id=3166"]}]},{"@type":"BreadcrumbList","@id":"https:\/\/energoinvest-sue.hr\/?page_id=3166#breadcrumb","itemListElement":[{"@type":"ListItem","position":1,"name":"Home","item":"https:\/\/energoinvest-sue.hr\/"},{"@type":"ListItem","position":2,"name":"Proizvodi","item":"https:\/\/energoinvest-sue.hr\/?page_id=2866"},{"@type":"ListItem","position":3,"name":"Ispravlja\u010di i invertori"}]},{"@type":"WebSite","@id":"https:\/\/energoinvest-sue.hr\/#website","url":"https:\/\/energoinvest-sue.hr\/","name":"Energoinvest - SUE","description":"Sistemi upravljanja energijom","potentialAction":[{"@type":"SearchAction","target":{"@type":"EntryPoint","urlTemplate":"https:\/\/energoinvest-sue.hr\/?s={search_term_string}"},"query-input":"required name=search_term_string"}],"inLanguage":"en-US"}]}},"_links":{"self":[{"href":"https:\/\/energoinvest-sue.hr\/index.php?rest_route=\/wp\/v2\/pages\/3166","targetHints":{"allow":["GET"]}}],"collection":[{"href":"https:\/\/energoinvest-sue.hr\/index.php?rest_route=\/wp\/v2\/pages"}],"about":[{"href":"https:\/\/energoinvest-sue.hr\/index.php?rest_route=\/wp\/v2\/types\/page"}],"author":[{"embeddable":true,"href":"https:\/\/energoinvest-sue.hr\/index.php?rest_route=\/wp\/v2\/users\/1"}],"replies":[{"embeddable":true,"href":"https:\/\/energoinvest-sue.hr\/index.php?rest_route=%2Fwp%2Fv2%2Fcomments&post=3166"}],"version-history":[{"count":10,"href":"https:\/\/energoinvest-sue.hr\/index.php?rest_route=\/wp\/v2\/pages\/3166\/revisions"}],"predecessor-version":[{"id":3180,"href":"https:\/\/energoinvest-sue.hr\/index.php?rest_route=\/wp\/v2\/pages\/3166\/revisions\/3180"}],"up":[{"embeddable":true,"href":"https:\/\/energoinvest-sue.hr\/index.php?rest_route=\/wp\/v2\/pages\/2866"}],"wp:attachment":[{"href":"https:\/\/energoinvest-sue.hr\/index.php?rest_route=%2Fwp%2Fv2%2Fmedia&parent=3166"}],"curies":[{"name":"wp","href":"https:\/\/api.w.org\/{rel}","templated":true}]}}